{"id":28,"date":"2014-03-06T23:10:37","date_gmt":"2014-03-06T23:10:37","guid":{"rendered":"http:\/\/mikewagner.at\/?page_id=28"},"modified":"2019-01-28T01:22:48","modified_gmt":"2019-01-27T23:22:48","slug":"bio","status":"publish","type":"page","link":"http:\/\/mikewagner.at\/?page_id=28","title":{"rendered":"Bio"},"content":{"rendered":"<p style=\"text-align: left;\">Der aus Wien stammende Bassist, Gitarrist und Komponist absolvierte seine Studien am Konservatorium Wien (Konzertfach) bei Uli Langthaler (Komposition und Arrangement bei Andy Middleton), <a href=\"http:\/\/mikewagner.at\/wp-content\/uploads\/2014\/03\/DSC_0174.jpg\"><img loading=\"lazy\" decoding=\"async\" class=\"alignnone wp-image-29 alignleft\" src=\"http:\/\/mikewagner.at\/wp-content\/uploads\/2014\/03\/DSC_0174-198x300.jpg\" alt=\"DSC_0174\" width=\"198\" height=\"300\" srcset=\"http:\/\/mikewagner.at\/wp-content\/uploads\/2014\/03\/DSC_0174-198x300.jpg 198w, http:\/\/mikewagner.at\/wp-content\/uploads\/2014\/03\/DSC_0174-678x1024.jpg 678w\" sizes=\"auto, (max-width: 198px) 100vw, 198px\" \/><\/a> am Joseph Haydn Konservatorium (IGP) bei Wolfgang Wograndl und an der Universit\u00e4t f\u00fcr Musik und darstellende Kunst Wien. Davor war er Sch\u00fcler von Kollerpreistr\u00e4ger Hans Strasser. (Klassische Gitarre bei Erich Pochendorfer, E-Gitarre bei Martin Nitsch.)<br \/>\nSein breites Interesse an Musik und darstellender Kunst bescherte ihm zahlreiche Begegnungen mit den Cracks der heimischen Musikszene, aber auch mit internationalen K\u00fcnstler*innen, unter anderem im Rahmen von Gastspielen beim Ensemble Filmharmonie (Wiener Konzerthaus) und dem Ufa Filmorchester Berlin (Er\u00f6ffnung der Ufa Filmtage), sowie zahlreicher Europatourneen mit diversen Bands und InterpretInnen.<br \/>\nSeit 2010 bet\u00e4tigt er sich auch als Komponist und Arrangeur f\u00fcr unterschiedliche Produktionen.\u00a0 Seit 2018 ist er Live Musiker f\u00fcr die ORF Show &#8222;Die Tafelrunde&#8220;.<\/p>\n<p><strong>Konzerte und Performances in:<\/strong> \u00d6sterreich, Ungarn, Slowenien,\u00a0 Italien, Deutschland, Schweiz, Belgien, Frankreich und Gro\u00df Britannien.<\/p>\n<p><strong>Zusammenarbeit mit:<\/strong>\u00a0\u00a0 S\u00e4nger*innen Nathan Trent,\u00a0 Hubert Tubbs (Tower of Power), Maya Hakvoort, Aris Sas,\u00a0 Monika Ballwein, Willi Landl uvm.,<\/p>\n<p>Kabarettist*innen Gerald Fleischhacker, Andreas Vitaseck, Florian Scheuba, Lisa Eckart, Gregor Seeberg, Aida Loos, Wolfgang Katzer (Muckenstruntz und Bamschabl), Gebr\u00fcder Moped, Berthold F\u00f6ger (Heilbutt und Rosen),uvm.,<\/p>\n<p>Regisseur Erhard Pauer,<\/p>\n<p>Choreografin Amber Stephens (NZ),<\/p>\n<p>Musiker*innen: Joris Dudli, Franz Hautzinger, Thomas Hechenberger,\u00a0Hepi Kohlich, Thomas Kugi, Klemens Marktl,\u00a0 Luis Ribeiro, Mario Rom, Benjamin Schatz, Gina Schwarz, Uli Soyka, Claus Spechtl, Fagner Wesley uvm.,<\/p>\n<p>Bands: RoydeRoy (SLO), Mondala (H), Global Groove Lab, uvm.<\/p>\n<p>sowie dem Ufa Filmorchester Berlin und Mitgliedern des ORF Radio Symphonie Orchesters<\/p>\n<p><strong>Auszeichnungen<\/strong>: Gewinner des Genius Awards (Ungarn) in der Kategorie \u201eWorld Music\u201c.<\/p>\n<p>3. Platz beim Wiener Filmmusikpreis 2014.<\/p>\n<p>&nbsp;<\/p>\n","protected":false},"excerpt":{"rendered":"<p>Der aus Wien stammende Bassist, Gitarrist und Komponist absolvierte seine Studien am Konservatorium Wien (Konzertfach) bei Uli Langthaler (Komposition und Arrangement bei Andy Middleton), am Joseph Haydn Konservatorium (IGP) bei Wolfgang Wograndl und an der Universit\u00e4t f\u00fcr Musik und darstellende Kunst Wien. Davor war er Sch\u00fcler von Kollerpreistr\u00e4ger Hans Strasser. (Klassische Gitarre bei Erich Pochendorfer, &hellip; <a href=\"http:\/\/mikewagner.at\/?page_id=28\" class=\"more-link\"><span class=\"screen-reader-text\">Bio<\/span> weiterlesen <span class=\"meta-nav\">&rarr;<\/span><\/a><\/p>\n","protected":false},"author":1,"featured_media":0,"parent":0,"menu_order":0,"comment_status":"closed","ping_status":"closed","template":"","meta":{"ngg_post_thumbnail":0,"_FSMCFIC_featured_image_caption":"","_FSMCFIC_featured_image_nocaption":null,"_FSMCFIC_featured_image_hide":null,"footnotes":""},"class_list":["post-28","page","type-page","status-publish","hentry"],"_links":{"self":[{"href":"http:\/\/mikewagner.at\/index.php?rest_route=\/wp\/v2\/pages\/28","targetHints":{"allow":["GET"]}}],"collection":[{"href":"http:\/\/mikewagner.at\/index.php?rest_route=\/wp\/v2\/pages"}],"about":[{"href":"http:\/\/mikewagner.at\/index.php?rest_route=\/wp\/v2\/types\/page"}],"author":[{"embeddable":true,"href":"http:\/\/mikewagner.at\/index.php?rest_route=\/wp\/v2\/users\/1"}],"replies":[{"embeddable":true,"href":"http:\/\/mikewagner.at\/index.php?rest_route=%2Fwp%2Fv2%2Fcomments&post=28"}],"version-history":[{"count":19,"href":"http:\/\/mikewagner.at\/index.php?rest_route=\/wp\/v2\/pages\/28\/revisions"}],"predecessor-version":[{"id":159,"href":"http:\/\/mikewagner.at\/index.php?rest_route=\/wp\/v2\/pages\/28\/revisions\/159"}],"wp:attachment":[{"href":"http:\/\/mikewagner.at\/index.php?rest_route=%2Fwp%2Fv2%2Fmedia&parent=28"}],"curies":[{"name":"wp","href":"https:\/\/api.w.org\/{rel}","templated":true}]}}